{"id":141,"date":"2020-04-13T17:49:54","date_gmt":"2020-04-13T17:49:54","guid":{"rendered":"https:\/\/redmediaworld.es\/?page_id=141"},"modified":"2020-04-20T17:42:20","modified_gmt":"2020-04-20T17:42:20","slug":"mantenimientos","status":"publish","type":"page","link":"https:\/\/redmediaworld.es\/index.php\/mantenimientos\/","title":{"rendered":"Mantenimientos"},"content":{"rendered":"\n<p class=\"has-text-color has-vivid-cyan-blue-color\"><strong>Tipos de Mantenimiento Inform\u00e1tico <\/strong><\/p>\n\n\n\n<div class=\"wp-block-columns is-layout-flex wp-container-core-columns-is-layout-9d6595d7 wp-block-columns-is-layout-flex\">\n<div class=\"wp-block-column is-layout-flow wp-block-column-is-layout-flow\" style=\"flex-basis:66.66%\">\n<p><span class=\"has-inline-color has-very-dark-gray-color\">En esta modalidad, usted paga una&nbsp;cuota fija mensual&nbsp;y esto cubre todo el servicio t\u00e9cnico que sea necesario, independientemente del n\u00famero de incidencias que se generen. Todo est\u00e1 incluido excepto piezas de hardware que fallen. Es la modalidad que les encanta a los directores financieros pues evitan todos los riesgos. Incluye:<\/span><\/p>\n\n\n\n<ul class=\"wp-block-list\"><li><span class=\"has-inline-color has-very-dark-gray-color\"><strong>Mantenimiento Correctivo:<\/strong>&nbsp;Ante cualquier problema o consulta, atenderemos a cualquiera de sus usuarios telef\u00f3nicamente o por e-mail, y resolveremos sus incidencias por conexi\u00f3n remota a sus equipos o con intervenci\u00f3n presencial si fuera necesario. Nos comprometemos por a un tiempo de respuesta m\u00e1ximo de 4 u 8 horas.<\/span><\/li><\/ul>\n\n\n\n<p><strong><span class=\"has-inline-color has-very-dark-gray-color\">Mantenimiento Inform\u00e1tico Tradicional por Bonos de Horas<\/span><\/strong><\/p>\n\n\n\n<p class=\"has-text-color has-very-dark-gray-color\"><span class=\"has-inline-color has-very-dark-gray-color\">En esta modalidad, usted paga una&nbsp;cuota fija anual&nbsp;y esto los servicios que le listamos aqu\u00ed:<\/span><\/p>\n\n\n\n<ul class=\"wp-block-list\"><li><span class=\"has-inline-color has-very-dark-gray-color\"><strong>Compromiso de tiempo de respuesta:<\/strong>&nbsp;Ante cualquier problema o consulta, le atenderemos telef\u00f3nicamente o por e-mail y nos comprometemos por contrato a un tiempo de respuesta m\u00e1ximo de 4 u 8 horas.<\/span><\/li><li><span class=\"has-inline-color has-very-dark-gray-color\"><strong>Soporte telef\u00f3nico y por e-mail:<\/strong>&nbsp;Todas las incidencias que se puedan resolver telef\u00f3nicamente o por e-mail est\u00e1n incluidas en la cuota anual.<\/span><\/li><li><span class=\"has-inline-color has-very-dark-gray-color\"><strong>Bono de horas para intervenciones:<\/strong>&nbsp;Para la resoluci\u00f3n de incidencias por conexi\u00f3n remota o visita presencial, se emiten bonos de horas y se va descontando del bono el tiempo total de intervenci\u00f3n.<\/span><\/li><li><span class=\"has-inline-color has-very-dark-gray-color\"><strong>Mantenimiento Proactivo (Opcional)<\/strong>: Si lo desea, como una opci\u00f3n adicional de estos contratos incluimos conexiones dos veces al mes a sus servidores de red para revisar su estado, incluyendo la revisi\u00f3n de los logs del sistema, antivirus y backups.<\/span><\/li><\/ul>\n<\/div>\n\n\n\n<div class=\"wp-block-column is-layout-flow wp-block-column-is-layout-flow\" style=\"flex-basis:33.33%\">\n<figure class=\"wp-block-gallery columns-1 is-cropped wp-block-gallery-1 is-layout-flex wp-block-gallery-is-layout-flex\"><ul class=\"blocks-gallery-grid\"><li class=\"blocks-gallery-item\"><figure><img fetchpriority=\"high\" decoding=\"async\" width=\"300\" height=\"187\" src=\"https:\/\/redmediaworld.es\/wp-content\/uploads\/2020\/04\/Mantenimiento.jpg\" alt=\"\" data-id=\"465\" data-link=\"https:\/\/redmediaworld.es\/index.php\/mantenimientos\/mantenimiento\/\" class=\"wp-image-465\"\/><\/figure><\/li><\/ul><\/figure>\n\n\n\n<p class=\"has-text-color has-text-align-left has-vivid-red-color\"><strong><em>SERVICIO TECNICO INFORMATIC<\/em>O<\/strong><\/p>\n<\/div>\n<\/div>\n","protected":false},"excerpt":{"rendered":"<p>Tipos de Mantenimiento Inform\u00e1tico En esta modalidad, usted paga una&nbsp;cuota fija mensual&nbsp;y esto cubre todo el servicio t\u00e9cnico que sea necesario, independientemente del n\u00famero de incidencias que se generen. Todo est\u00e1 incluido excepto piezas de hardware que fallen. Es la modalidad que les encanta a los directores financieros pues evitan todos los riesgos. Incluye: Mantenimiento&hellip; <br \/> <a class=\"read-more\" href=\"https:\/\/redmediaworld.es\/index.php\/mantenimientos\/\">Leer m\u00e1s<\/a><\/p>\n","protected":false},"author":1,"featured_media":0,"parent":0,"menu_order":0,"comment_status":"closed","ping_status":"closed","template":"","meta":{"footnotes":""},"class_list":["post-141","page","type-page","status-publish","hentry"],"yoast_head":"<!-- This site is optimized with the Yoast SEO plugin v27.2 - https:\/\/yoast.com\/product\/yoast-seo-wordpress\/ -->\n<title>Mantenimientos - Red Media World<\/title>\n<meta name=\"robots\" content=\"index, follow, max-snippet:-1, max-image-preview:large, max-video-preview:-1\" \/>\n<link rel=\"canonical\" href=\"https:\/\/redmediaworld.es\/index.php\/mantenimientos\/\" \/>\n<meta property=\"og:locale\" content=\"es_ES\" \/>\n<meta property=\"og:type\" content=\"article\" \/>\n<meta property=\"og:title\" content=\"Mantenimientos - Red Media World\" \/>\n<meta property=\"og:description\" content=\"Tipos de Mantenimiento Inform\u00e1tico En esta modalidad, usted paga una&nbsp;cuota fija mensual&nbsp;y esto cubre todo el servicio t\u00e9cnico que sea necesario, independientemente del n\u00famero de incidencias que se generen. Todo est\u00e1 incluido excepto piezas de hardware que fallen. Es la modalidad que les encanta a los directores financieros pues evitan todos los riesgos. Incluye: Mantenimiento&hellip; Leer m\u00e1s\" \/>\n<meta property=\"og:url\" content=\"https:\/\/redmediaworld.es\/index.php\/mantenimientos\/\" \/>\n<meta property=\"og:site_name\" content=\"Red Media World\" \/>\n<meta property=\"article:modified_time\" content=\"2020-04-20T17:42:20+00:00\" \/>\n<meta property=\"og:image\" content=\"https:\/\/redmediaworld.es\/wp-content\/uploads\/2020\/04\/Mantenimiento.jpg\" \/>\n<meta name=\"twitter:card\" content=\"summary_large_image\" \/>\n<meta name=\"twitter:label1\" content=\"Tiempo de lectura\" \/>\n\t<meta name=\"twitter:data1\" content=\"1 minuto\" \/>\n<script type=\"application\/ld+json\" class=\"yoast-schema-graph\">{\"@context\":\"https:\/\/schema.org\",\"@graph\":[{\"@type\":\"WebPage\",\"@id\":\"https:\/\/redmediaworld.es\/index.php\/mantenimientos\/\",\"url\":\"https:\/\/redmediaworld.es\/index.php\/mantenimientos\/\",\"name\":\"Mantenimientos - Red Media World\",\"isPartOf\":{\"@id\":\"https:\/\/redmediaworld.es\/#website\"},\"primaryImageOfPage\":{\"@id\":\"https:\/\/redmediaworld.es\/index.php\/mantenimientos\/#primaryimage\"},\"image\":{\"@id\":\"https:\/\/redmediaworld.es\/index.php\/mantenimientos\/#primaryimage\"},\"thumbnailUrl\":\"https:\/\/redmediaworld.es\/wp-content\/uploads\/2020\/04\/Mantenimiento.jpg\",\"datePublished\":\"2020-04-13T17:49:54+00:00\",\"dateModified\":\"2020-04-20T17:42:20+00:00\",\"breadcrumb\":{\"@id\":\"https:\/\/redmediaworld.es\/index.php\/mantenimientos\/#breadcrumb\"},\"inLanguage\":\"es\",\"potentialAction\":[{\"@type\":\"ReadAction\",\"target\":[\"https:\/\/redmediaworld.es\/index.php\/mantenimientos\/\"]}]},{\"@type\":\"ImageObject\",\"inLanguage\":\"es\",\"@id\":\"https:\/\/redmediaworld.es\/index.php\/mantenimientos\/#primaryimage\",\"url\":\"https:\/\/redmediaworld.es\/wp-content\/uploads\/2020\/04\/Mantenimiento.jpg\",\"contentUrl\":\"https:\/\/redmediaworld.es\/wp-content\/uploads\/2020\/04\/Mantenimiento.jpg\",\"width\":300,\"height\":187},{\"@type\":\"BreadcrumbList\",\"@id\":\"https:\/\/redmediaworld.es\/index.php\/mantenimientos\/#breadcrumb\",\"itemListElement\":[{\"@type\":\"ListItem\",\"position\":1,\"name\":\"Portada\",\"item\":\"https:\/\/redmediaworld.es\/\"},{\"@type\":\"ListItem\",\"position\":2,\"name\":\"Mantenimientos\"}]},{\"@type\":\"WebSite\",\"@id\":\"https:\/\/redmediaworld.es\/#website\",\"url\":\"https:\/\/redmediaworld.es\/\",\"name\":\"Red Media World\",\"description\":\"\",\"publisher\":{\"@id\":\"https:\/\/redmediaworld.es\/#organization\"},\"potentialAction\":[{\"@type\":\"SearchAction\",\"target\":{\"@type\":\"EntryPoint\",\"urlTemplate\":\"https:\/\/redmediaworld.es\/?s={search_term_string}\"},\"query-input\":{\"@type\":\"PropertyValueSpecification\",\"valueRequired\":true,\"valueName\":\"search_term_string\"}}],\"inLanguage\":\"es\"},{\"@type\":\"Organization\",\"@id\":\"https:\/\/redmediaworld.es\/#organization\",\"name\":\"Red Media World\",\"url\":\"https:\/\/redmediaworld.es\/\",\"logo\":{\"@type\":\"ImageObject\",\"inLanguage\":\"es\",\"@id\":\"https:\/\/redmediaworld.es\/#\/schema\/logo\/image\/\",\"url\":\"https:\/\/redmediaworld.es\/wp-content\/uploads\/2020\/04\/cropped-Logoredmedia-360x120-Blanco-2.png\",\"contentUrl\":\"https:\/\/redmediaworld.es\/wp-content\/uploads\/2020\/04\/cropped-Logoredmedia-360x120-Blanco-2.png\",\"width\":360,\"height\":120,\"caption\":\"Red Media World\"},\"image\":{\"@id\":\"https:\/\/redmediaworld.es\/#\/schema\/logo\/image\/\"}}]}<\/script>\n<!-- \/ Yoast SEO plugin. -->","yoast_head_json":{"title":"Mantenimientos - Red Media World","robots":{"index":"index","follow":"follow","max-snippet":"max-snippet:-1","max-image-preview":"max-image-preview:large","max-video-preview":"max-video-preview:-1"},"canonical":"https:\/\/redmediaworld.es\/index.php\/mantenimientos\/","og_locale":"es_ES","og_type":"article","og_title":"Mantenimientos - Red Media World","og_description":"Tipos de Mantenimiento Inform\u00e1tico En esta modalidad, usted paga una&nbsp;cuota fija mensual&nbsp;y esto cubre todo el servicio t\u00e9cnico que sea necesario, independientemente del n\u00famero de incidencias que se generen. Todo est\u00e1 incluido excepto piezas de hardware que fallen. Es la modalidad que les encanta a los directores financieros pues evitan todos los riesgos. Incluye: Mantenimiento&hellip; Leer m\u00e1s","og_url":"https:\/\/redmediaworld.es\/index.php\/mantenimientos\/","og_site_name":"Red Media World","article_modified_time":"2020-04-20T17:42:20+00:00","og_image":[{"url":"https:\/\/redmediaworld.es\/wp-content\/uploads\/2020\/04\/Mantenimiento.jpg","type":"","width":"","height":""}],"twitter_card":"summary_large_image","twitter_misc":{"Tiempo de lectura":"1 minuto"},"schema":{"@context":"https:\/\/schema.org","@graph":[{"@type":"WebPage","@id":"https:\/\/redmediaworld.es\/index.php\/mantenimientos\/","url":"https:\/\/redmediaworld.es\/index.php\/mantenimientos\/","name":"Mantenimientos - Red Media World","isPartOf":{"@id":"https:\/\/redmediaworld.es\/#website"},"primaryImageOfPage":{"@id":"https:\/\/redmediaworld.es\/index.php\/mantenimientos\/#primaryimage"},"image":{"@id":"https:\/\/redmediaworld.es\/index.php\/mantenimientos\/#primaryimage"},"thumbnailUrl":"https:\/\/redmediaworld.es\/wp-content\/uploads\/2020\/04\/Mantenimiento.jpg","datePublished":"2020-04-13T17:49:54+00:00","dateModified":"2020-04-20T17:42:20+00:00","breadcrumb":{"@id":"https:\/\/redmediaworld.es\/index.php\/mantenimientos\/#breadcrumb"},"inLanguage":"es","potentialAction":[{"@type":"ReadAction","target":["https:\/\/redmediaworld.es\/index.php\/mantenimientos\/"]}]},{"@type":"ImageObject","inLanguage":"es","@id":"https:\/\/redmediaworld.es\/index.php\/mantenimientos\/#primaryimage","url":"https:\/\/redmediaworld.es\/wp-content\/uploads\/2020\/04\/Mantenimiento.jpg","contentUrl":"https:\/\/redmediaworld.es\/wp-content\/uploads\/2020\/04\/Mantenimiento.jpg","width":300,"height":187},{"@type":"BreadcrumbList","@id":"https:\/\/redmediaworld.es\/index.php\/mantenimientos\/#breadcrumb","itemListElement":[{"@type":"ListItem","position":1,"name":"Portada","item":"https:\/\/redmediaworld.es\/"},{"@type":"ListItem","position":2,"name":"Mantenimientos"}]},{"@type":"WebSite","@id":"https:\/\/redmediaworld.es\/#website","url":"https:\/\/redmediaworld.es\/","name":"Red Media World","description":"","publisher":{"@id":"https:\/\/redmediaworld.es\/#organization"},"potentialAction":[{"@type":"SearchAction","target":{"@type":"EntryPoint","urlTemplate":"https:\/\/redmediaworld.es\/?s={search_term_string}"},"query-input":{"@type":"PropertyValueSpecification","valueRequired":true,"valueName":"search_term_string"}}],"inLanguage":"es"},{"@type":"Organization","@id":"https:\/\/redmediaworld.es\/#organization","name":"Red Media World","url":"https:\/\/redmediaworld.es\/","logo":{"@type":"ImageObject","inLanguage":"es","@id":"https:\/\/redmediaworld.es\/#\/schema\/logo\/image\/","url":"https:\/\/redmediaworld.es\/wp-content\/uploads\/2020\/04\/cropped-Logoredmedia-360x120-Blanco-2.png","contentUrl":"https:\/\/redmediaworld.es\/wp-content\/uploads\/2020\/04\/cropped-Logoredmedia-360x120-Blanco-2.png","width":360,"height":120,"caption":"Red Media World"},"image":{"@id":"https:\/\/redmediaworld.es\/#\/schema\/logo\/image\/"}}]}},"_links":{"self":[{"href":"https:\/\/redmediaworld.es\/index.php\/wp-json\/wp\/v2\/pages\/141","targetHints":{"allow":["GET"]}}],"collection":[{"href":"https:\/\/redmediaworld.es\/index.php\/wp-json\/wp\/v2\/pages"}],"about":[{"href":"https:\/\/redmediaworld.es\/index.php\/wp-json\/wp\/v2\/types\/page"}],"author":[{"embeddable":true,"href":"https:\/\/redmediaworld.es\/index.php\/wp-json\/wp\/v2\/users\/1"}],"replies":[{"embeddable":true,"href":"https:\/\/redmediaworld.es\/index.php\/wp-json\/wp\/v2\/comments?post=141"}],"version-history":[{"count":10,"href":"https:\/\/redmediaworld.es\/index.php\/wp-json\/wp\/v2\/pages\/141\/revisions"}],"predecessor-version":[{"id":521,"href":"https:\/\/redmediaworld.es\/index.php\/wp-json\/wp\/v2\/pages\/141\/revisions\/521"}],"wp:attachment":[{"href":"https:\/\/redmediaworld.es\/index.php\/wp-json\/wp\/v2\/media?parent=141"}],"curies":[{"name":"wp","href":"https:\/\/api.w.org\/{rel}","templated":true}]}}