{"id":118,"date":"2020-04-13T17:45:50","date_gmt":"2020-04-13T17:45:50","guid":{"rendered":"https:\/\/redmediaworld.es\/?page_id=118"},"modified":"2020-04-20T16:34:20","modified_gmt":"2020-04-20T16:34:20","slug":"cloud","status":"publish","type":"page","link":"https:\/\/redmediaworld.es\/index.php\/cloud\/","title":{"rendered":"Cloud"},"content":{"rendered":"\n<!--nextpage-->\n\n\n\n<h4 class=\"wp-block-heading\"><span class=\"has-inline-color has-vivid-cyan-blue-color\">La forma m\u00e1s sencilla y econ\u00f3mica de subir tu empresa a la nube<\/span><\/h4>\n\n\n\n<div class=\"wp-block-group is-layout-flow wp-block-group-is-layout-flow\"><div class=\"wp-block-group__inner-container\"><\/div><\/div>\n\n\n\n<div class=\"wp-block-columns is-layout-flex wp-container-core-columns-is-layout-9d6595d7 wp-block-columns-is-layout-flex\">\n<div class=\"wp-block-column is-layout-flow wp-block-column-is-layout-flow\">\n<p class=\"has-text-align-left\"><span class=\"has-inline-color has-very-dark-gray-color\">El servicio de Nube Privada de Cloud Server de Redmediaworld es la forma m\u00e1s&nbsp;sencilla y econ\u00f3mica&nbsp;de subir tu empresa a la nube. Compartes los mismo datos  con los usuarios que necesites sin necesidad de grandes inversiones , y  con  con total seguridad con otros usuarios de la nube&nbsp;<\/span>.<\/p>\n\n\n\n<p class=\"has-text-color has-very-dark-gray-color\">Cloud es un espacio virtual o disco duro en la nube para guardar tus archivos, documentos, compartirlos y acceder a ellos desde cualquier lugar.<\/p>\n\n\n\n<p class=\"has-text-color has-very-dark-gray-color\">Tambi\u00e9n Dispones de Servidores Virtualizados para manejar los distintos Programas en su empresa todo esto a un coste econ\u00f3mico sin grandes inversiones para su empresa.<\/p>\n\n\n\n<p class=\"has-text-color has-very-dark-gray-color\">Puedes conectarte al Servicio de Cloud desde cualquier tipo de navegador web, ordenador s\u00f3lo tienes que acceder a la web y entrar con tu usuario y contrase\u00f1a .Ser\u00e1 necesario que previamente el Administrador te haya activado el acceso al Servicio de Cloud.<\/p>\n<\/div>\n\n\n\n<div class=\"wp-block-column is-layout-flow wp-block-column-is-layout-flow\">\n<figure class=\"wp-block-gallery columns-1 is-cropped wp-block-gallery-1 is-layout-flex wp-block-gallery-is-layout-flex\"><ul class=\"blocks-gallery-grid\"><li class=\"blocks-gallery-item\"><figure><img fetchpriority=\"high\" decoding=\"async\" width=\"663\" height=\"421\" src=\"https:\/\/redmediaworld.es\/wp-content\/uploads\/2020\/04\/servidor-virtual-personalizado.jpg\" alt=\"\" data-id=\"418\" data-full-url=\"https:\/\/redmediaworld.es\/wp-content\/uploads\/2020\/04\/servidor-virtual-personalizado.jpg\" data-link=\"https:\/\/redmediaworld.es\/index.php\/cloud\/servidor-virtual-personalizado\/\" class=\"wp-image-418\" srcset=\"https:\/\/redmediaworld.es\/wp-content\/uploads\/2020\/04\/servidor-virtual-personalizado.jpg 663w, https:\/\/redmediaworld.es\/wp-content\/uploads\/2020\/04\/servidor-virtual-personalizado-300x190.jpg 300w\" sizes=\"(max-width: 663px) 100vw, 663px\" \/><\/figure><\/li><\/ul><\/figure>\n\n\n\n<figure class=\"wp-block-gallery columns-1 is-cropped wp-block-gallery-2 is-layout-flex wp-block-gallery-is-layout-flex\"><ul class=\"blocks-gallery-grid\"><li class=\"blocks-gallery-item\"><figure><img decoding=\"async\" width=\"1024\" height=\"306\" src=\"https:\/\/redmediaworld.es\/wp-content\/uploads\/2020\/04\/cloud-2570383_1024-1.jpg\" alt=\"\" data-id=\"486\" data-full-url=\"https:\/\/redmediaworld.es\/wp-content\/uploads\/2020\/04\/cloud-2570383_1024-1.jpg\" data-link=\"https:\/\/redmediaworld.es\/index.php\/cloud\/cloud-2570383_1024-1\/\" class=\"wp-image-486\" srcset=\"https:\/\/redmediaworld.es\/wp-content\/uploads\/2020\/04\/cloud-2570383_1024-1.jpg 1024w, https:\/\/redmediaworld.es\/wp-content\/uploads\/2020\/04\/cloud-2570383_1024-1-300x90.jpg 300w, https:\/\/redmediaworld.es\/wp-content\/uploads\/2020\/04\/cloud-2570383_1024-1-768x230.jpg 768w\" sizes=\"(max-width: 1024px) 100vw, 1024px\" \/><\/figure><\/li><\/ul><\/figure>\n\n\n\n<p class=\"has-text-color has-text-align-center has-vivid-red-color\"><strong>DISPONEMOS VARIOS SISTEMAS CLOUD CONSULTENOS<\/strong><\/p>\n<\/div>\n<\/div>\n\n\n\n<p><\/p>\n","protected":false},"excerpt":{"rendered":"<p>La forma m\u00e1s sencilla y econ\u00f3mica de subir tu empresa a la nube El servicio de Nube Privada de Cloud Server de Redmediaworld es la forma m\u00e1s&nbsp;sencilla y econ\u00f3mica&nbsp;de subir tu empresa a la nube. Compartes los mismo datos con los usuarios que necesites sin necesidad de grandes inversiones , y con con total seguridad&hellip; <br \/> <a class=\"read-more\" href=\"https:\/\/redmediaworld.es\/index.php\/cloud\/\">Leer m\u00e1s<\/a><\/p>\n","protected":false},"author":1,"featured_media":76,"parent":0,"menu_order":0,"comment_status":"closed","ping_status":"closed","template":"page-templates\/page-with-right-sidebar.php","meta":{"footnotes":""},"class_list":["post-118","page","type-page","status-publish","has-post-thumbnail","hentry"],"yoast_head":"<!-- This site is optimized with the Yoast SEO plugin v27.2 - https:\/\/yoast.com\/product\/yoast-seo-wordpress\/ -->\n<title>Cloud - Red Media World<\/title>\n<meta name=\"robots\" content=\"index, follow, max-snippet:-1, max-image-preview:large, max-video-preview:-1\" \/>\n<link rel=\"canonical\" href=\"https:\/\/redmediaworld.es\/index.php\/cloud\/\" \/>\n<link rel=\"next\" href=\"https:\/\/redmediaworld.es\/index.php\/cloud\/2\/\" \/>\n<meta property=\"og:locale\" content=\"es_ES\" \/>\n<meta property=\"og:type\" content=\"article\" \/>\n<meta property=\"og:title\" content=\"Cloud - Red Media World\" \/>\n<meta property=\"og:description\" content=\"La forma m\u00e1s sencilla y econ\u00f3mica de subir tu empresa a la nube El servicio de Nube Privada de Cloud Server de Redmediaworld es la forma m\u00e1s&nbsp;sencilla y econ\u00f3mica&nbsp;de subir tu empresa a la nube. Compartes los mismo datos con los usuarios que necesites sin necesidad de grandes inversiones , y con con total seguridad&hellip; Leer m\u00e1s\" \/>\n<meta property=\"og:url\" content=\"https:\/\/redmediaworld.es\/index.php\/cloud\/\" \/>\n<meta property=\"og:site_name\" content=\"Red Media World\" \/>\n<meta property=\"article:modified_time\" content=\"2020-04-20T16:34:20+00:00\" \/>\n<meta property=\"og:image\" content=\"https:\/\/redmediaworld.es\/wp-content\/uploads\/2020\/04\/Datacenter.jpg\" \/>\n\t<meta property=\"og:image:width\" content=\"1400\" \/>\n\t<meta property=\"og:image:height\" content=\"927\" \/>\n\t<meta property=\"og:image:type\" content=\"image\/jpeg\" \/>\n<meta name=\"twitter:card\" content=\"summary_large_image\" \/>\n<meta name=\"twitter:label1\" content=\"Tiempo de lectura\" \/>\n\t<meta name=\"twitter:data1\" content=\"1 minuto\" \/>\n<script type=\"application\/ld+json\" class=\"yoast-schema-graph\">{\"@context\":\"https:\/\/schema.org\",\"@graph\":[{\"@type\":\"WebPage\",\"@id\":\"https:\/\/redmediaworld.es\/index.php\/cloud\/\",\"url\":\"https:\/\/redmediaworld.es\/index.php\/cloud\/\",\"name\":\"Cloud - Red Media World\",\"isPartOf\":{\"@id\":\"https:\/\/redmediaworld.es\/#website\"},\"primaryImageOfPage\":{\"@id\":\"https:\/\/redmediaworld.es\/index.php\/cloud\/#primaryimage\"},\"image\":{\"@id\":\"https:\/\/redmediaworld.es\/index.php\/cloud\/#primaryimage\"},\"thumbnailUrl\":\"https:\/\/redmediaworld.es\/wp-content\/uploads\/2020\/04\/Datacenter.jpg\",\"datePublished\":\"2020-04-13T17:45:50+00:00\",\"dateModified\":\"2020-04-20T16:34:20+00:00\",\"inLanguage\":\"es\",\"potentialAction\":[{\"@type\":\"ReadAction\",\"target\":[\"https:\/\/redmediaworld.es\/index.php\/cloud\/\"]}]},{\"@type\":\"ImageObject\",\"inLanguage\":\"es\",\"@id\":\"https:\/\/redmediaworld.es\/index.php\/cloud\/#primaryimage\",\"url\":\"https:\/\/redmediaworld.es\/wp-content\/uploads\/2020\/04\/Datacenter.jpg\",\"contentUrl\":\"https:\/\/redmediaworld.es\/wp-content\/uploads\/2020\/04\/Datacenter.jpg\",\"width\":1400,\"height\":927},{\"@type\":\"WebSite\",\"@id\":\"https:\/\/redmediaworld.es\/#website\",\"url\":\"https:\/\/redmediaworld.es\/\",\"name\":\"Red Media World\",\"description\":\"\",\"publisher\":{\"@id\":\"https:\/\/redmediaworld.es\/#organization\"},\"potentialAction\":[{\"@type\":\"SearchAction\",\"target\":{\"@type\":\"EntryPoint\",\"urlTemplate\":\"https:\/\/redmediaworld.es\/?s={search_term_string}\"},\"query-input\":{\"@type\":\"PropertyValueSpecification\",\"valueRequired\":true,\"valueName\":\"search_term_string\"}}],\"inLanguage\":\"es\"},{\"@type\":\"Organization\",\"@id\":\"https:\/\/redmediaworld.es\/#organization\",\"name\":\"Red Media World\",\"url\":\"https:\/\/redmediaworld.es\/\",\"logo\":{\"@type\":\"ImageObject\",\"inLanguage\":\"es\",\"@id\":\"https:\/\/redmediaworld.es\/#\/schema\/logo\/image\/\",\"url\":\"https:\/\/redmediaworld.es\/wp-content\/uploads\/2020\/04\/cropped-Logoredmedia-360x120-Blanco-2.png\",\"contentUrl\":\"https:\/\/redmediaworld.es\/wp-content\/uploads\/2020\/04\/cropped-Logoredmedia-360x120-Blanco-2.png\",\"width\":360,\"height\":120,\"caption\":\"Red Media World\"},\"image\":{\"@id\":\"https:\/\/redmediaworld.es\/#\/schema\/logo\/image\/\"}}]}<\/script>\n<!-- \/ Yoast SEO plugin. -->","yoast_head_json":{"title":"Cloud - Red Media World","robots":{"index":"index","follow":"follow","max-snippet":"max-snippet:-1","max-image-preview":"max-image-preview:large","max-video-preview":"max-video-preview:-1"},"canonical":"https:\/\/redmediaworld.es\/index.php\/cloud\/","next":"https:\/\/redmediaworld.es\/index.php\/cloud\/2\/","og_locale":"es_ES","og_type":"article","og_title":"Cloud - Red Media World","og_description":"La forma m\u00e1s sencilla y econ\u00f3mica de subir tu empresa a la nube El servicio de Nube Privada de Cloud Server de Redmediaworld es la forma m\u00e1s&nbsp;sencilla y econ\u00f3mica&nbsp;de subir tu empresa a la nube. Compartes los mismo datos con los usuarios que necesites sin necesidad de grandes inversiones , y con con total seguridad&hellip; Leer m\u00e1s","og_url":"https:\/\/redmediaworld.es\/index.php\/cloud\/","og_site_name":"Red Media World","article_modified_time":"2020-04-20T16:34:20+00:00","og_image":[{"width":1400,"height":927,"url":"https:\/\/redmediaworld.es\/wp-content\/uploads\/2020\/04\/Datacenter.jpg","type":"image\/jpeg"}],"twitter_card":"summary_large_image","twitter_misc":{"Tiempo de lectura":"1 minuto"},"schema":{"@context":"https:\/\/schema.org","@graph":[{"@type":"WebPage","@id":"https:\/\/redmediaworld.es\/index.php\/cloud\/","url":"https:\/\/redmediaworld.es\/index.php\/cloud\/","name":"Cloud - Red Media World","isPartOf":{"@id":"https:\/\/redmediaworld.es\/#website"},"primaryImageOfPage":{"@id":"https:\/\/redmediaworld.es\/index.php\/cloud\/#primaryimage"},"image":{"@id":"https:\/\/redmediaworld.es\/index.php\/cloud\/#primaryimage"},"thumbnailUrl":"https:\/\/redmediaworld.es\/wp-content\/uploads\/2020\/04\/Datacenter.jpg","datePublished":"2020-04-13T17:45:50+00:00","dateModified":"2020-04-20T16:34:20+00:00","inLanguage":"es","potentialAction":[{"@type":"ReadAction","target":["https:\/\/redmediaworld.es\/index.php\/cloud\/"]}]},{"@type":"ImageObject","inLanguage":"es","@id":"https:\/\/redmediaworld.es\/index.php\/cloud\/#primaryimage","url":"https:\/\/redmediaworld.es\/wp-content\/uploads\/2020\/04\/Datacenter.jpg","contentUrl":"https:\/\/redmediaworld.es\/wp-content\/uploads\/2020\/04\/Datacenter.jpg","width":1400,"height":927},{"@type":"WebSite","@id":"https:\/\/redmediaworld.es\/#website","url":"https:\/\/redmediaworld.es\/","name":"Red Media World","description":"","publisher":{"@id":"https:\/\/redmediaworld.es\/#organization"},"potentialAction":[{"@type":"SearchAction","target":{"@type":"EntryPoint","urlTemplate":"https:\/\/redmediaworld.es\/?s={search_term_string}"},"query-input":{"@type":"PropertyValueSpecification","valueRequired":true,"valueName":"search_term_string"}}],"inLanguage":"es"},{"@type":"Organization","@id":"https:\/\/redmediaworld.es\/#organization","name":"Red Media World","url":"https:\/\/redmediaworld.es\/","logo":{"@type":"ImageObject","inLanguage":"es","@id":"https:\/\/redmediaworld.es\/#\/schema\/logo\/image\/","url":"https:\/\/redmediaworld.es\/wp-content\/uploads\/2020\/04\/cropped-Logoredmedia-360x120-Blanco-2.png","contentUrl":"https:\/\/redmediaworld.es\/wp-content\/uploads\/2020\/04\/cropped-Logoredmedia-360x120-Blanco-2.png","width":360,"height":120,"caption":"Red Media World"},"image":{"@id":"https:\/\/redmediaworld.es\/#\/schema\/logo\/image\/"}}]}},"_links":{"self":[{"href":"https:\/\/redmediaworld.es\/index.php\/wp-json\/wp\/v2\/pages\/118","targetHints":{"allow":["GET"]}}],"collection":[{"href":"https:\/\/redmediaworld.es\/index.php\/wp-json\/wp\/v2\/pages"}],"about":[{"href":"https:\/\/redmediaworld.es\/index.php\/wp-json\/wp\/v2\/types\/page"}],"author":[{"embeddable":true,"href":"https:\/\/redmediaworld.es\/index.php\/wp-json\/wp\/v2\/users\/1"}],"replies":[{"embeddable":true,"href":"https:\/\/redmediaworld.es\/index.php\/wp-json\/wp\/v2\/comments?post=118"}],"version-history":[{"count":18,"href":"https:\/\/redmediaworld.es\/index.php\/wp-json\/wp\/v2\/pages\/118\/revisions"}],"predecessor-version":[{"id":489,"href":"https:\/\/redmediaworld.es\/index.php\/wp-json\/wp\/v2\/pages\/118\/revisions\/489"}],"wp:featuredmedia":[{"embeddable":true,"href":"https:\/\/redmediaworld.es\/index.php\/wp-json\/wp\/v2\/media\/76"}],"wp:attachment":[{"href":"https:\/\/redmediaworld.es\/index.php\/wp-json\/wp\/v2\/media?parent=118"}],"curies":[{"name":"wp","href":"https:\/\/api.w.org\/{rel}","templated":true}]}}